{"id":157,"date":"2024-04-04T08:47:41","date_gmt":"2024-04-04T05:47:41","guid":{"rendered":"https:\/\/twojagent.eu\/?page_id=157"},"modified":"2024-09-20T06:32:51","modified_gmt":"2024-09-20T03:32:51","slug":"wspolpraca","status":"publish","type":"page","link":"https:\/\/twojagent.eu\/uk\/wspolpraca\/","title":{"rendered":"\u0421\u043f\u0456\u0432\u043f\u0440\u0430\u0446\u044f"},"content":{"rendered":"<div data-elementor-type=\"wp-page\" data-elementor-id=\"157\" class=\"elementor elementor-157\">\n\t\t\t\t\t\t<div class=\"elementor-section elementor-top-section elementor-element elementor-element-7b79f5b elementor-section-boxed elementor-section-height-default elementor-section-height-default\" data-id=\"7b79f5b\" data-element_type=\"section\" data-settings=\"{&quot;background_background&quot;:&quot;classic&quot;}\">\n\t\t\t\t\t\t<div class=\"elementor-container elementor-column-gap-no\">\n\t\t\t\t\t<div class=\"elementor-column elementor-col-100 elementor-top-column elementor-element elementor-element-1118c3d\" data-id=\"1118c3d\" data-element_type=\"column\">\n\t\t\t<div class=\"elementor-widget-wrap elementor-element-populated\">\n\t\t\t\t\t\t<div class=\"elementor-element elementor-element-d3afdf4 elementor-invisible elementor-widget elementor-widget-heading\" data-id=\"d3afdf4\" data-element_type=\"widget\" data-settings=\"{&quot;_animation&quot;:&quot;fadeInUp&quot;,&quot;_animation_delay&quot;:&quot;400&quot;}\" data-widget_type=\"heading.default\">\n\t\t\t\t<div class=\"elementor-widget-container\">\n\t\t\t<style>\/*! elementor - v3.20.0 - 26-03-2024 *\/\n.elementor-heading-title{padding:0;margin:0;line-height:1}.elementor-widget-heading .elementor-heading-title[class*=elementor-size-]>a{color:inherit;font-size:inherit;line-height:inherit}.elementor-widget-heading .elementor-heading-title.elementor-size-small{font-size:15px}.elementor-widget-heading .elementor-heading-title.elementor-size-medium{font-size:19px}.elementor-widget-heading .elementor-heading-title.elementor-size-large{font-size:29px}.elementor-widget-heading .elementor-heading-title.elementor-size-xl{font-size:39px}.elementor-widget-heading .elementor-heading-title.elementor-size-xxl{font-size:59px}<\/style><h2 class=\"elementor-heading-title elementor-size-default\">\u041c\u0438 \u0437 \u043d\u0435\u0442\u0435\u0440\u043f\u0456\u043d\u043d\u044f\u043c \u0447\u0435\u043a\u0430\u0454\u043c\u043e \u043d\u0430 \u0441\u043f\u0456\u0432\u043f\u0440\u0430\u0446\u044e \u0437 \u0432\u0430\u043c\u0438<\/h2>\t\t<\/div>\n\t\t\t\t<\/div>\n\t\t\t\t<div class=\"elementor-element elementor-element-7c2a870 elementor-invisible elementor-widget elementor-widget-text-editor\" data-id=\"7c2a870\" data-element_type=\"widget\" data-settings=\"{&quot;_animation&quot;:&quot;fadeInUp&quot;}\" data-widget_type=\"text-editor.default\">\n\t\t\t\t<div class=\"elementor-widget-container\">\n\t\t\t<style>\/*! elementor - v3.20.0 - 26-03-2024 *\/\n.elementor-widget-text-editor.elementor-drop-cap-view-stacked .elementor-drop-cap{background-color:#69727d;color:#fff}.elementor-widget-text-editor.elementor-drop-cap-view-framed .elementor-drop-cap{color:#69727d;border:3px solid;background-color:transparent}.elementor-widget-text-editor:not(.elementor-drop-cap-view-default) .elementor-drop-cap{margin-top:8px}.elementor-widget-text-editor:not(.elementor-drop-cap-view-default) .elementor-drop-cap-letter{width:1em;height:1em}.elementor-widget-text-editor .elementor-drop-cap{float:left;text-align:center;line-height:1;font-size:50px}.elementor-widget-text-editor .elementor-drop-cap-letter{display:inline-block}<\/style>\t\t\t\t<p>\u041f\u0440\u0438\u0454\u0434\u043d\u0443\u0439\u0442\u0435\u0441\u044c \u0434\u043e \u043d\u0430\u0441 \u0456 \u0441\u0442\u0430\u043d\u044c\u0442\u0435 \u043f\u0440\u043e\u0444\u0435\u0441\u0456\u0439\u043d\u0438\u043c \u0441\u0442\u0440\u0430\u0445\u043e\u0432\u0438\u043c \u0430\u0433\u0435\u043d\u0442\u043e\u043c!<\/p>\t\t\t\t\t\t<\/div>\n\t\t\t\t<\/div>\n\t\t\t\t\t<\/div>\n\t\t<\/div>\n\t\t\t\t\t<\/div>\n\t\t<\/div>\n\t\t\t\t<div class=\"elementor-section elementor-top-section elementor-element elementor-element-a2336cf elementor-section-boxed elementor-section-height-default elementor-section-height-default\" data-id=\"a2336cf\" data-element_type=\"section\">\n\t\t\t\t\t\t<div class=\"elementor-container elementor-column-gap-default\">\n\t\t\t\t\t<div class=\"elementor-column elementor-col-100 elementor-top-column elementor-element elementor-element-da10a5b\" data-id=\"da10a5b\" data-element_type=\"column\">\n\t\t\t<div class=\"elementor-widget-wrap elementor-element-populated\">\n\t\t\t\t\t\t<div class=\"elementor-element elementor-element-65d801b elementor-invisible elementor-widget elementor-widget-text-editor\" data-id=\"65d801b\" data-element_type=\"widget\" data-settings=\"{&quot;_animation&quot;:&quot;fadeInUp&quot;}\" data-widget_type=\"text-editor.default\">\n\t\t\t\t<div class=\"elementor-widget-container\">\n\t\t\t\t\t\t\t<p>\u0412\u0436\u0435 \u043f\u043e\u043d\u0430\u0434 \u0434\u0435\u0432'\u044f\u0442\u044c \u0440\u043e\u043a\u0456\u0432 \u0440\u0430\u0437\u043e\u043c \u0443\u00a0<a href=\"https:\/\/www.euroins.bg\/en\">Euroins<\/a>, \u043c\u0438 \u0431\u0443\u0434\u0443\u0454\u043c\u043e \u0437\u0430\u0433\u0430\u043b\u044c\u043d\u043e\u043d\u0430\u0446\u0456\u043e\u043d\u0430\u043b\u044c\u043d\u0443 \u043c\u0435\u0440\u0435\u0436\u0443 \u043f\u0440\u043e\u0434\u0430\u0436\u0456\u0432, \u044f\u043a\u0430 \u0432\u0436\u0435 \u043d\u0430\u043b\u0456\u0447\u0443\u0454 \u043f\u043e\u043d\u0430\u0434 2 000 \u0430\u043a\u0442\u0438\u0432\u043d\u0438\u0445 \u043f\u0430\u0440\u0442\u043d\u0435\u0440\u0456\u0432 \u0437 \u0440\u0456\u0447\u043d\u0438\u043c \u043e\u0431\u0441\u044f\u0433\u043e\u043c \u043f\u0440\u043e\u0434\u0430\u0436\u0456\u0432, \u0449\u043e \u043f\u0435\u0440\u0435\u0432\u0438\u0449\u0443\u0454 300 000 000 \u0437\u043b\u043e\u0442\u0438\u0445.<\/p><p>\u041c\u0438 \u0437\u0430\u043f\u0440\u043e\u0448\u0443\u0454\u043c\u043e \u0434\u043e \u0441\u043f\u0456\u0432\u043f\u0440\u0430\u0446\u0456 \u0432\u0441\u0456\u0445, \u0445\u0442\u043e \u0442\u0456\u043b\u044c\u043a\u0438 \u0437\u0431\u0438\u0440\u0430\u0454\u0442\u044c\u0441\u044f \u0440\u043e\u0437\u043f\u043e\u0447\u0430\u0442\u0438 \u0441\u0442\u0440\u0430\u0445\u043e\u0432\u0443 \u0434\u0456\u044f\u043b\u044c\u043d\u0456\u0441\u0442\u044c, \u0430 \u0442\u0430\u043a\u043e\u0436 \u0442\u0438\u0445, \u0445\u0442\u043e \u0432\u0436\u0435 \u043f\u0440\u0430\u0446\u044e\u0454 \u0432 \u0433\u0430\u043b\u0443\u0437\u0456, \u0430\u043b\u0435 \u0431\u0430\u0436\u0430\u0454 \u0440\u043e\u0437\u0448\u0438\u0440\u0438\u0442\u0438 \u0441\u0432\u0456\u0439 \u043f\u043e\u0440\u0442\u0444\u0435\u043b\u044c \u0431\u0435\u0437 \u0437\u043e\u0431\u043e\u0432'\u044f\u0437\u0430\u043d\u044c \u0442\u0430 \u043e\u0431\u043c\u0435\u0436\u0435\u043d\u044c. \u041c\u0438 \u043f\u0440\u043e\u043f\u043e\u043d\u0443\u0454\u043c\u043e \u0432\u0430\u043c \u0434\u043e\u043f\u043e\u043c\u043e\u0433\u0443 \u0432 \u043e\u0442\u0440\u0438\u043c\u0430\u043d\u043d\u0456 \u043b\u0456\u0446\u0435\u043d\u0437\u0456\u0457 \u0442\u0430 \u0440\u0435\u0454\u0441\u0442\u0440\u0430\u0446\u0456\u0457 \u0432 \u041d\u0430\u0446\u043a\u043e\u043c\u0444\u0456\u043d\u043f\u043e\u0441\u043b\u0443\u0433, \u0430 \u0442\u0430\u043a\u043e\u0436 \u043f\u0456\u0434\u0442\u0440\u0438\u043c\u043a\u0443 \u043d\u0430 \u043a\u043e\u0436\u043d\u043e\u043c\u0443 \u0435\u0442\u0430\u043f\u0456 \u043f\u043e\u0434\u0430\u043b\u044c\u0448\u043e\u0457 \u0441\u043f\u0456\u0432\u043f\u0440\u0430\u0446\u0456.<\/p><p>\u0412\u0438 \u043e\u0442\u0440\u0438\u043c\u0430\u0454\u0442\u0435 \u0441\u0432\u043e\u0431\u043e\u0434\u0443 \u0434\u043b\u044f \u0440\u043e\u0437\u0432\u0438\u0442\u043a\u0443 \u0441\u0432\u043e\u0433\u043e \u0441\u0442\u0440\u0430\u0445\u043e\u0432\u043e\u0433\u043e \u0431\u0456\u0437\u043d\u0435\u0441\u0443. \u0417\u0456 \u0441\u0432\u043e\u0433\u043e \u0431\u043e\u043a\u0443 \u043c\u0438 \u0437\u0430\u0431\u0435\u0437\u043f\u0435\u0447\u0443\u0454\u043c\u043e \u0433\u043d\u0443\u0447\u043a\u0456\u0441\u0442\u044c \u0443 \u0441\u043f\u0456\u0432\u043f\u0440\u0430\u0446\u0456, \u0434\u0443\u0436\u0435 \u043a\u043e\u043d\u043a\u0443\u0440\u0435\u043d\u0442\u043e\u0441\u043f\u0440\u043e\u043c\u043e\u0436\u043d\u0456 \u043a\u043e\u043c\u0456\u0441\u0456\u0439\u043d\u0456 \u0441\u0442\u0430\u0432\u043a\u0438 \u0442\u0430 \u043f\u0440\u043e\u0444\u0435\u0441\u0456\u0439\u043d\u0443 \u043f\u0456\u0434\u0442\u0440\u0438\u043c\u043a\u0443 \u0449\u043e\u0434\u043e \u043f\u0440\u043e\u0434\u0443\u043a\u0442\u0456\u0432 \u0442\u0430 \u043a\u043e\u043d\u0442\u0435\u043d\u0442\u0443. \u041c\u0438 \u0431\u0443\u0434\u0435\u043c\u043e \u0440\u0430\u0434\u0456 \u043d\u0430\u0434\u0430\u0442\u0438 \u0432\u0430\u043c \u0432\u0441\u044e \u043d\u0435\u043e\u0431\u0445\u0456\u0434\u043d\u0443 \u0456\u043d\u0444\u043e\u0440\u043c\u0430\u0446\u0456\u044e \u043f\u0456\u0434 \u0447\u0430\u0441 \u0431\u0435\u0437\u043f\u043e\u0441\u0435\u0440\u0435\u0434\u043d\u044c\u043e\u0433\u043e \u043a\u043e\u043d\u0442\u0430\u043a\u0442\u0443:<\/p><p>E-mail: <a href=\"mailto:wspolpraca@twojagent.eu\"><strong>wspolpraca@twojagent.eu<\/strong><\/a><\/p>\t\t\t\t\t\t<\/div>\n\t\t\t\t<\/div>\n\t\t\t\t\t<\/div>\n\t\t<\/div>\n\t\t\t\t\t<\/div>\n\t\t<\/div>\n\t\t\t\t<\/div>","protected":false},"excerpt":{"rendered":"<p>Zapraszamy do wsp\u00f3\u0142pracy Do\u0142\u0105cz do nas i zosta\u0144 profesjonalnym Agentem Ubezpieczeniowym! Od ponad 9 ju\u017c lat, wsp\u00f3lnie w\u00a0Euroins, tworzymy og\u00f3lnopolsk\u0105 sie\u0107 sprzeda\u017cy, [&hellip;]<\/p>","protected":false},"author":1,"featured_media":0,"parent":0,"menu_order":0,"comment_status":"closed","ping_status":"closed","template":"","meta":{"footnotes":""},"class_list":["post-157","page","type-page","status-publish","hentry"],"_links":{"self":[{"href":"https:\/\/twojagent.eu\/uk\/wp-json\/wp\/v2\/pages\/157","targetHints":{"allow":["GET"]}}],"collection":[{"href":"https:\/\/twojagent.eu\/uk\/wp-json\/wp\/v2\/pages"}],"about":[{"href":"https:\/\/twojagent.eu\/uk\/wp-json\/wp\/v2\/types\/page"}],"author":[{"embeddable":true,"href":"https:\/\/twojagent.eu\/uk\/wp-json\/wp\/v2\/users\/1"}],"replies":[{"embeddable":true,"href":"https:\/\/twojagent.eu\/uk\/wp-json\/wp\/v2\/comments?post=157"}],"version-history":[{"count":22,"href":"https:\/\/twojagent.eu\/uk\/wp-json\/wp\/v2\/pages\/157\/revisions"}],"predecessor-version":[{"id":921,"href":"https:\/\/twojagent.eu\/uk\/wp-json\/wp\/v2\/pages\/157\/revisions\/921"}],"wp:attachment":[{"href":"https:\/\/twojagent.eu\/uk\/wp-json\/wp\/v2\/media?parent=157"}],"curies":[{"name":"wp","href":"https:\/\/api.w.org\/{rel}","templated":true}]}}