{"id":151,"date":"2024-04-04T08:46:46","date_gmt":"2024-04-04T05:46:46","guid":{"rendered":"https:\/\/twojagent.eu\/?page_id=151"},"modified":"2024-04-09T14:34:25","modified_gmt":"2024-04-09T11:34:25","slug":"o-nas","status":"publish","type":"page","link":"https:\/\/twojagent.eu\/uk\/o-nas\/","title":{"rendered":"\u041f\u0440\u043e \u043d\u0430\u0441"},"content":{"rendered":"<div data-elementor-type=\"wp-page\" data-elementor-id=\"151\" class=\"elementor elementor-151\">\n\t\t\t\t\t\t<div class=\"elementor-section elementor-top-section elementor-element elementor-element-d9c13b3 elementor-section-full_width elementor-section-height-default elementor-section-height-default\" data-id=\"d9c13b3\" data-element_type=\"section\" data-settings=\"{&quot;background_background&quot;:&quot;classic&quot;}\">\n\t\t\t\t\t\t<div class=\"elementor-container elementor-column-gap-no\">\n\t\t\t\t\t<div class=\"elementor-column elementor-col-100 elementor-top-column elementor-element elementor-element-88b7292\" data-id=\"88b7292\" data-element_type=\"column\">\n\t\t\t<div class=\"elementor-widget-wrap elementor-element-populated\">\n\t\t\t\t\t\t<div class=\"elementor-section elementor-inner-section elementor-element elementor-element-8d1eabb elementor-section-boxed elementor-section-height-default elementor-section-height-default\" data-id=\"8d1eabb\" data-element_type=\"section\">\n\t\t\t\t\t\t<div class=\"elementor-container elementor-column-gap-default\">\n\t\t\t\t\t<div class=\"elementor-column elementor-col-100 elementor-inner-column elementor-element elementor-element-585894b\" data-id=\"585894b\" data-element_type=\"column\">\n\t\t\t<div class=\"elementor-widget-wrap elementor-element-populated\">\n\t\t\t\t\t\t<div class=\"elementor-element elementor-element-74386f4 elementor-invisible elementor-widget elementor-widget-heading\" data-id=\"74386f4\" data-element_type=\"widget\" data-settings=\"{&quot;_animation&quot;:&quot;fadeInUp&quot;,&quot;_animation_delay&quot;:&quot;400&quot;}\" data-widget_type=\"heading.default\">\n\t\t\t\t<div class=\"elementor-widget-container\">\n\t\t\t<style>\/*! elementor - v3.20.0 - 26-03-2024 *\/\n.elementor-heading-title{padding:0;margin:0;line-height:1}.elementor-widget-heading .elementor-heading-title[class*=elementor-size-]>a{color:inherit;font-size:inherit;line-height:inherit}.elementor-widget-heading .elementor-heading-title.elementor-size-small{font-size:15px}.elementor-widget-heading .elementor-heading-title.elementor-size-medium{font-size:19px}.elementor-widget-heading .elementor-heading-title.elementor-size-large{font-size:29px}.elementor-widget-heading .elementor-heading-title.elementor-size-xl{font-size:39px}.elementor-widget-heading .elementor-heading-title.elementor-size-xxl{font-size:59px}<\/style><h1 class=\"elementor-heading-title elementor-size-default\">\u041f\u0440\u043e \u043d\u0430\u0441<\/h1>\t\t<\/div>\n\t\t\t\t<\/div>\n\t\t\t\t<div class=\"elementor-element elementor-element-a88e7b0 elementor-widget__width-initial elementor-widget-tablet__width-initial elementor-widget-mobile__width-inherit elementor-invisible elementor-widget elementor-widget-text-editor\" data-id=\"a88e7b0\" data-element_type=\"widget\" data-settings=\"{&quot;_animation&quot;:&quot;fadeInUp&quot;,&quot;_animation_delay&quot;:&quot;480&quot;}\" data-widget_type=\"text-editor.default\">\n\t\t\t\t<div class=\"elementor-widget-container\">\n\t\t\t<style>\/*! elementor - v3.20.0 - 26-03-2024 *\/\n.elementor-widget-text-editor.elementor-drop-cap-view-stacked .elementor-drop-cap{background-color:#69727d;color:#fff}.elementor-widget-text-editor.elementor-drop-cap-view-framed .elementor-drop-cap{color:#69727d;border:3px solid;background-color:transparent}.elementor-widget-text-editor:not(.elementor-drop-cap-view-default) .elementor-drop-cap{margin-top:8px}.elementor-widget-text-editor:not(.elementor-drop-cap-view-default) .elementor-drop-cap-letter{width:1em;height:1em}.elementor-widget-text-editor .elementor-drop-cap{float:left;text-align:center;line-height:1;font-size:50px}.elementor-widget-text-editor .elementor-drop-cap-letter{display:inline-block}<\/style>\t\t\t\t\u041c\u043e\u0436\u043b\u0438\u0432\u043e, \u0432\u0438 \u043d\u0430\u0441 \u0449\u0435 \u043d\u0435 \u0437\u043d\u0430\u0454\u0442\u0435, \u0430\u043b\u0435 \u043c\u0438 \u0441\u043f\u0440\u043e\u0431\u0443\u0454\u043c\u043e \u0446\u0435 \u0437\u043c\u0456\u043d\u0438\u0442\u0438.\t\t\t\t\t\t<\/div>\n\t\t\t\t<\/div>\n\t\t\t\t\t<\/div>\n\t\t<\/div>\n\t\t\t\t\t<\/div>\n\t\t<\/div>\n\t\t\t\t\t<\/div>\n\t\t<\/div>\n\t\t\t\t\t<\/div>\n\t\t<\/div>\n\t\t\t\t<div class=\"elementor-section elementor-top-section elementor-element elementor-element-b3edf55 elementor-section-boxed elementor-section-height-default elementor-section-height-default\" data-id=\"b3edf55\" data-element_type=\"section\">\n\t\t\t\t\t\t<div class=\"elementor-container elementor-column-gap-no\">\n\t\t\t\t\t<div class=\"elementor-column elementor-col-100 elementor-top-column elementor-element elementor-element-fefb8d2\" data-id=\"fefb8d2\" data-element_type=\"column\">\n\t\t\t<div class=\"elementor-widget-wrap elementor-element-populated\">\n\t\t\t\t\t\t<section class=\"elementor-section elementor-inner-section elementor-element elementor-element-6aecc55 elementor-section-boxed elementor-section-height-default elementor-section-height-default\" data-id=\"6aecc55\" data-element_type=\"section\">\n\t\t\t\t\t\t<div class=\"elementor-container elementor-column-gap-default\">\n\t\t\t\t\t<div class=\"elementor-column elementor-col-33 elementor-inner-column elementor-element elementor-element-397006d\" data-id=\"397006d\" data-element_type=\"column\">\n\t\t\t<div class=\"elementor-widget-wrap elementor-element-populated\">\n\t\t\t\t\t\t<div class=\"elementor-element elementor-element-0903f8b e-transform ui-e-top ui-e-align-center ui-e-align-tablet-center ui-e-align-mobile-center elementor-invisible bdt-background-overlay-yes elementor-widget elementor-widget-uicore-icon-box\" data-id=\"0903f8b\" data-element_type=\"widget\" data-settings=\"{&quot;content_padding&quot;:{&quot;unit&quot;:&quot;px&quot;,&quot;top&quot;:&quot;30&quot;,&quot;right&quot;:&quot;30&quot;,&quot;bottom&quot;:&quot;30&quot;,&quot;left&quot;:&quot;30&quot;,&quot;isLinked&quot;:true},&quot;_transform_translateX_effect_hover&quot;:{&quot;unit&quot;:&quot;px&quot;,&quot;size&quot;:0,&quot;sizes&quot;:[]},&quot;_transform_translateY_effect_hover&quot;:{&quot;unit&quot;:&quot;px&quot;,&quot;size&quot;:-14,&quot;sizes&quot;:[]},&quot;content_padding_tablet&quot;:{&quot;unit&quot;:&quot;px&quot;,&quot;top&quot;:&quot;32&quot;,&quot;right&quot;:&quot;20&quot;,&quot;bottom&quot;:&quot;32&quot;,&quot;left&quot;:&quot;20&quot;,&quot;isLinked&quot;:false},&quot;_animation&quot;:&quot;fadeInUp&quot;,&quot;_animation_delay&quot;:&quot;200&quot;,&quot;content_padding_mobile&quot;:{&quot;unit&quot;:&quot;px&quot;,&quot;top&quot;:&quot;20&quot;,&quot;right&quot;:&quot;20&quot;,&quot;bottom&quot;:&quot;20&quot;,&quot;left&quot;:&quot;20&quot;,&quot;isLinked&quot;:true},&quot;position&quot;:&quot;top&quot;,&quot;_transform_translateX_effect_hover_tablet&quot;:{&quot;unit&quot;:&quot;px&quot;,&quot;size&quot;:&quot;&quot;,&quot;sizes&quot;:[]},&quot;_transform_translateX_effect_hover_mobile&quot;:{&quot;unit&quot;:&quot;px&quot;,&quot;size&quot;:&quot;&quot;,&quot;sizes&quot;:[]},&quot;_transform_translateY_effect_hover_tablet&quot;:{&quot;unit&quot;:&quot;px&quot;,&quot;size&quot;:&quot;&quot;,&quot;sizes&quot;:[]},&quot;_transform_translateY_effect_hover_mobile&quot;:{&quot;unit&quot;:&quot;px&quot;,&quot;size&quot;:&quot;&quot;,&quot;sizes&quot;:[]}}\" data-widget_type=\"uicore-icon-box.default\">\n\t\t\t\t<div class=\"elementor-widget-container\">\n\t\t\t\n\t\t\t<div class=\"ui-e-ico-box\" >\n\n\t\t\t\t\n\t\t\t\t<div class='ui-e-flex-wrp'>\n\n\t\t\t\t\t\t\t\t\t\t\t<div class=\"ui-e-icon-wrp\">\n\n\t\t\t\t\t\t\t<svg aria-hidden=\"true\" class=\"e-font-icon-svg e-fas-handshake\" viewbox=\"0 0 640 512\" xmlns=\"http:\/\/www.w3.org\/2000\/svg\"><path d=\"M434.7 64h-85.9c-8 0-15.7 3-21.6 8.4l-98.3 90c-.1.1-.2.3-.3.4-16.6 15.6-16.3 40.5-2.1 56 12.7 13.9 39.4 17.6 56.1 2.7.1-.1.3-.1.4-.2l79.9-73.2c6.5-5.9 16.7-5.5 22.6 1 6 6.5 5.5 16.6-1 22.6l-26.1 23.9L504 313.8c2.9 2.4 5.5 5 7.9 7.7V128l-54.6-54.6c-5.9-6-14.1-9.4-22.6-9.4zM544 128.2v223.9c0 17.7 14.3 32 32 32h64V128.2h-96zm48 223.9c-8.8 0-16-7.2-16-16s7.2-16 16-16 16 7.2 16 16-7.2 16-16 16zM0 384h64c17.7 0 32-14.3 32-32V128.2H0V384zm48-63.9c8.8 0 16 7.2 16 16s-7.2 16-16 16-16-7.2-16-16c0-8.9 7.2-16 16-16zm435.9 18.6L334.6 217.5l-30 27.5c-29.7 27.1-75.2 24.5-101.7-4.4-26.9-29.4-24.8-74.9 4.4-101.7L289.1 64h-83.8c-8.5 0-16.6 3.4-22.6 9.4L128 128v223.9h18.3l90.5 81.9c27.4 22.3 67.7 18.1 90-9.3l.2-.2 17.9 15.5c15.9 13 39.4 10.5 52.3-5.4l31.4-38.6 5.4 4.4c13.7 11.1 33.9 9.1 45-4.7l9.5-11.7c11.2-13.8 9.1-33.9-4.6-45.1z\"><\/path><\/svg>\n\t\t\t\t\t\t<\/div>\n\t\t\t\t\t\n\t\t\t\t\t<div class=\"ui-e-title-wrp\"><h3 class=\"ui-e-title\">\u0425\u0442\u043e \u043c\u0438 \u0454?<\/h3><\/div>\n\t\t\t\t<\/div>\n\n\t\t\t\t<div class=\"ui-e-box-content\">\n\t\t\t\t\t\n\t\t\t\t\t<div class=\"ui-e-description\">\n\t\t\t\t\t\t<p>\"Tw\u00f3j Agent Ubezpieczeniowy\" - \u0446\u0435 \u043d\u0435\u0432\u0435\u043b\u0438\u043a\u0438\u0439 \u0441\u0456\u043c\u0435\u0439\u043d\u0438\u0439 \u0431\u0456\u0437\u043d\u0435\u0441 \u0437 \u043c\u0430\u0439\u0436\u0435 11-\u0440\u0456\u0447\u043d\u0438\u043c \u0434\u043e\u0441\u0432\u0456\u0434\u043e\u043c \u0440\u043e\u0431\u043e\u0442\u0438 \u0432 \u0441\u0442\u0440\u0430\u0445\u043e\u0432\u0456\u0439 \u0433\u0430\u043b\u0443\u0437\u0456.<\/p>\t\t\t\t\t<\/div>\n\n\t\t\t\t\t\n\t\t\t\t<\/div>\n\t\t\t<\/div>\n\t\t\t\t<\/div>\n\t\t\t\t<\/div>\n\t\t\t\t\t<\/div>\n\t\t<\/div>\n\t\t\t\t<div class=\"elementor-column elementor-col-33 elementor-inner-column elementor-element elementor-element-d8859dd\" data-id=\"d8859dd\" data-element_type=\"column\">\n\t\t\t<div class=\"elementor-widget-wrap elementor-element-populated\">\n\t\t\t\t\t\t<div class=\"elementor-element elementor-element-4737332 e-transform ui-e-top ui-e-align-center ui-e-align-tablet-center ui-e-align-mobile-center elementor-invisible bdt-background-overlay-yes elementor-widget elementor-widget-uicore-icon-box\" data-id=\"4737332\" data-element_type=\"widget\" data-settings=\"{&quot;content_padding&quot;:{&quot;unit&quot;:&quot;px&quot;,&quot;top&quot;:&quot;30&quot;,&quot;right&quot;:&quot;30&quot;,&quot;bottom&quot;:&quot;30&quot;,&quot;left&quot;:&quot;30&quot;,&quot;isLinked&quot;:true},&quot;_transform_translateX_effect_hover&quot;:{&quot;unit&quot;:&quot;px&quot;,&quot;size&quot;:0,&quot;sizes&quot;:[]},&quot;_transform_translateY_effect_hover&quot;:{&quot;unit&quot;:&quot;px&quot;,&quot;size&quot;:-14,&quot;sizes&quot;:[]},&quot;content_padding_tablet&quot;:{&quot;unit&quot;:&quot;px&quot;,&quot;top&quot;:&quot;32&quot;,&quot;right&quot;:&quot;20&quot;,&quot;bottom&quot;:&quot;32&quot;,&quot;left&quot;:&quot;20&quot;,&quot;isLinked&quot;:false},&quot;_animation&quot;:&quot;fadeInUp&quot;,&quot;_animation_delay&quot;:&quot;280&quot;,&quot;content_padding_mobile&quot;:{&quot;unit&quot;:&quot;px&quot;,&quot;top&quot;:&quot;20&quot;,&quot;right&quot;:&quot;20&quot;,&quot;bottom&quot;:&quot;20&quot;,&quot;left&quot;:&quot;20&quot;,&quot;isLinked&quot;:true},&quot;position&quot;:&quot;top&quot;,&quot;_transform_translateX_effect_hover_tablet&quot;:{&quot;unit&quot;:&quot;px&quot;,&quot;size&quot;:&quot;&quot;,&quot;sizes&quot;:[]},&quot;_transform_translateX_effect_hover_mobile&quot;:{&quot;unit&quot;:&quot;px&quot;,&quot;size&quot;:&quot;&quot;,&quot;sizes&quot;:[]},&quot;_transform_translateY_effect_hover_tablet&quot;:{&quot;unit&quot;:&quot;px&quot;,&quot;size&quot;:&quot;&quot;,&quot;sizes&quot;:[]},&quot;_transform_translateY_effect_hover_mobile&quot;:{&quot;unit&quot;:&quot;px&quot;,&quot;size&quot;:&quot;&quot;,&quot;sizes&quot;:[]}}\" data-widget_type=\"uicore-icon-box.default\">\n\t\t\t\t<div class=\"elementor-widget-container\">\n\t\t\t\n\t\t\t<div class=\"ui-e-ico-box\" >\n\n\t\t\t\t\n\t\t\t\t<div class='ui-e-flex-wrp'>\n\n\t\t\t\t\t\t\t\t\t\t\t<div class=\"ui-e-icon-wrp\">\n\n\t\t\t\t\t\t\t<svg aria-hidden=\"true\" class=\"e-font-icon-svg e-fas-lightbulb\" viewbox=\"0 0 352 512\" xmlns=\"http:\/\/www.w3.org\/2000\/svg\"><path d=\"M96.06 454.35c.01 6.29 1.87 12.45 5.36 17.69l17.09 25.69a31.99 31.99 0 0 0 26.64 14.28h61.71a31.99 31.99 0 0 0 26.64-14.28l17.09-25.69a31.989 31.989 0 0 0 5.36-17.69l.04-38.35H96.01l.05 38.35zM0 176c0 44.37 16.45 84.85 43.56 115.78 16.52 18.85 42.36 58.23 52.21 91.45.04.26.07.52.11.78h160.24c.04-.26.07-.51.11-.78 9.85-33.22 35.69-72.6 52.21-91.45C335.55 260.85 352 220.37 352 176 352 78.61 272.91-.3 175.45 0 73.44.31 0 82.97 0 176zm176-80c-44.11 0-80 35.89-80 80 0 8.84-7.16 16-16 16s-16-7.16-16-16c0-61.76 50.24-112 112-112 8.84 0 16 7.16 16 16s-7.16 16-16 16z\"><\/path><\/svg>\n\t\t\t\t\t\t<\/div>\n\t\t\t\t\t\n\t\t\t\t\t<div class=\"ui-e-title-wrp\"><h3 class=\"ui-e-title\">\u041d\u0430\u0448\u0430 \u043c\u0456\u0441\u0456\u044f<\/h3><\/div>\n\t\t\t\t<\/div>\n\n\t\t\t\t<div class=\"ui-e-box-content\">\n\t\t\t\t\t\n\t\t\t\t\t<div class=\"ui-e-description\">\n\t\t\t\t\t\t<p>\u041d\u0430\u0448\u0430 \u043c\u0456\u0441\u0456\u044f - \u043d\u0430\u0434\u0430\u0442\u0438 \u043a\u043b\u0456\u0454\u043d\u0442\u0443 \u0441\u0442\u0440\u0430\u0445\u043e\u0432\u0456 \u0440\u0456\u0448\u0435\u043d\u043d\u044f, \u044f\u043a\u0456 \u043d\u0430\u0439\u043a\u0440\u0430\u0449\u0435 \u0432\u0456\u0434\u043f\u043e\u0432\u0456\u0434\u0430\u044e\u0442\u044c \u0439\u043e\u0433\u043e \u043e\u0447\u0456\u043a\u0443\u0432\u0430\u043d\u043d\u044f\u043c \u0442\u0430 \u043f\u043e\u0442\u0440\u0435\u0431\u0430\u043c.<\/p>\t\t\t\t\t<\/div>\n\n\t\t\t\t\t\n\t\t\t\t<\/div>\n\t\t\t<\/div>\n\t\t\t\t<\/div>\n\t\t\t\t<\/div>\n\t\t\t\t\t<\/div>\n\t\t<\/div>\n\t\t\t\t<div class=\"elementor-column elementor-col-33 elementor-inner-column elementor-element elementor-element-2fb78f6\" data-id=\"2fb78f6\" data-element_type=\"column\">\n\t\t\t<div class=\"elementor-widget-wrap elementor-element-populated\">\n\t\t\t\t\t\t<div class=\"elementor-element elementor-element-319fa8b e-transform ui-e-top ui-e-align-center ui-e-align-tablet-center ui-e-align-mobile-center elementor-invisible bdt-background-overlay-yes elementor-widget elementor-widget-uicore-icon-box\" data-id=\"319fa8b\" data-element_type=\"widget\" data-settings=\"{&quot;content_padding&quot;:{&quot;unit&quot;:&quot;px&quot;,&quot;top&quot;:&quot;30&quot;,&quot;right&quot;:&quot;30&quot;,&quot;bottom&quot;:&quot;30&quot;,&quot;left&quot;:&quot;30&quot;,&quot;isLinked&quot;:true},&quot;_transform_translateX_effect_hover&quot;:{&quot;unit&quot;:&quot;px&quot;,&quot;size&quot;:0,&quot;sizes&quot;:[]},&quot;_transform_translateY_effect_hover&quot;:{&quot;unit&quot;:&quot;px&quot;,&quot;size&quot;:-14,&quot;sizes&quot;:[]},&quot;content_padding_tablet&quot;:{&quot;unit&quot;:&quot;px&quot;,&quot;top&quot;:&quot;32&quot;,&quot;right&quot;:&quot;20&quot;,&quot;bottom&quot;:&quot;32&quot;,&quot;left&quot;:&quot;20&quot;,&quot;isLinked&quot;:false},&quot;_animation&quot;:&quot;fadeInUp&quot;,&quot;_animation_delay&quot;:&quot;360&quot;,&quot;content_padding_mobile&quot;:{&quot;unit&quot;:&quot;px&quot;,&quot;top&quot;:&quot;20&quot;,&quot;right&quot;:&quot;20&quot;,&quot;bottom&quot;:&quot;20&quot;,&quot;left&quot;:&quot;20&quot;,&quot;isLinked&quot;:true},&quot;position&quot;:&quot;top&quot;,&quot;_transform_translateX_effect_hover_tablet&quot;:{&quot;unit&quot;:&quot;px&quot;,&quot;size&quot;:&quot;&quot;,&quot;sizes&quot;:[]},&quot;_transform_translateX_effect_hover_mobile&quot;:{&quot;unit&quot;:&quot;px&quot;,&quot;size&quot;:&quot;&quot;,&quot;sizes&quot;:[]},&quot;_transform_translateY_effect_hover_tablet&quot;:{&quot;unit&quot;:&quot;px&quot;,&quot;size&quot;:&quot;&quot;,&quot;sizes&quot;:[]},&quot;_transform_translateY_effect_hover_mobile&quot;:{&quot;unit&quot;:&quot;px&quot;,&quot;size&quot;:&quot;&quot;,&quot;sizes&quot;:[]}}\" data-widget_type=\"uicore-icon-box.default\">\n\t\t\t\t<div class=\"elementor-widget-container\">\n\t\t\t\n\t\t\t<div class=\"ui-e-ico-box\" >\n\n\t\t\t\t\n\t\t\t\t<div class='ui-e-flex-wrp'>\n\n\t\t\t\t\t\t\t\t\t\t\t<div class=\"ui-e-icon-wrp\">\n\n\t\t\t\t\t\t\t<svg aria-hidden=\"true\" class=\"e-font-icon-svg e-fas-rocket\" viewbox=\"0 0 512 512\" xmlns=\"http:\/\/www.w3.org\/2000\/svg\"><path d=\"M505.12019,19.09375c-1.18945-5.53125-6.65819-11-12.207-12.1875C460.716,0,435.507,0,410.40747,0,307.17523,0,245.26909,55.20312,199.05238,128H94.83772c-16.34763.01562-35.55658,11.875-42.88664,26.48438L2.51562,253.29688A28.4,28.4,0,0,0,0,264a24.00867,24.00867,0,0,0,24.00582,24H127.81618l-22.47457,22.46875c-11.36521,11.36133-12.99607,32.25781,0,45.25L156.24582,406.625c11.15623,11.1875,32.15619,13.15625,45.27726,0l22.47457-22.46875V488a24.00867,24.00867,0,0,0,24.00581,24,28.55934,28.55934,0,0,0,10.707-2.51562l98.72834-49.39063c14.62888-7.29687,26.50776-26.5,26.50776-42.85937V312.79688c72.59753-46.3125,128.03493-108.40626,128.03493-211.09376C512.07526,76.5,512.07526,51.29688,505.12019,19.09375ZM384.04033,168A40,40,0,1,1,424.05,128,40.02322,40.02322,0,0,1,384.04033,168Z\"><\/path><\/svg>\n\t\t\t\t\t\t<\/div>\n\t\t\t\t\t\n\t\t\t\t\t<div class=\"ui-e-title-wrp\"><h3 class=\"ui-e-title\">\u0429\u043e \u043c\u0438 \u0440\u043e\u0431\u0438\u043c\u043e?<\/h3><\/div>\n\t\t\t\t<\/div>\n\n\t\t\t\t<div class=\"ui-e-box-content\">\n\t\t\t\t\t\n\t\t\t\t\t<div class=\"ui-e-description\">\n\t\t\t\t\t\t<p>\u041c\u0438 \u0454 \u043d\u0430\u0446\u0456\u043e\u043d\u0430\u043b\u044c\u043d\u0438\u043c \u0441\u0442\u0440\u0430\u0445\u043e\u0432\u0438\u043c \u043c\u0443\u043b\u044c\u0442\u0438\u0430\u0433\u0435\u043d\u0442\u0441\u0442\u0432\u043e\u043c, \u0449\u043e \u043f\u0440\u0430\u0446\u044e\u0454 \u0432 \u0440\u0430\u043c\u043a\u0430\u0445 \u0441\u0442\u0440\u0443\u043a\u0442\u0443\u0440\u0438 \u0430\u0433\u0435\u043d\u0442\u0441\u044c\u043a\u043e\u0457 \u043c\u0435\u0440\u0435\u0436\u0456 <a href=\"https:\/\/www.euroins.bg\/en\">Euroins<\/a><\/p>\t\t\t\t\t<\/div>\n\n\t\t\t\t\t\n\t\t\t\t<\/div>\n\t\t\t<\/div>\n\t\t\t\t<\/div>\n\t\t\t\t<\/div>\n\t\t\t\t\t<\/div>\n\t\t<\/div>\n\t\t\t\t\t<\/div>\n\t\t<\/section>\n\t\t\t\t\t<\/div>\n\t\t<\/div>\n\t\t\t\t\t<\/div>\n\t\t<\/div>\n\t\t\t\t<section class=\"elementor-section elementor-top-section elementor-element elementor-element-e2ce42c elementor-section-boxed elementor-section-height-default elementor-section-height-default\" data-id=\"e2ce42c\" data-element_type=\"section\">\n\t\t\t\t\t\t<div class=\"elementor-container elementor-column-gap-default\">\n\t\t\t\t\t<div class=\"elementor-column elementor-col-100 elementor-top-column elementor-element elementor-element-0b3e9a7\" data-id=\"0b3e9a7\" data-element_type=\"column\">\n\t\t\t<div class=\"elementor-widget-wrap elementor-element-populated\">\n\t\t\t\t\t\t<div class=\"elementor-element elementor-element-5065c33 elementor-widget__width-initial elementor-widget-tablet__width-initial elementor-widget-mobile__width-inherit elementor-invisible elementor-widget elementor-widget-heading\" data-id=\"5065c33\" data-element_type=\"widget\" data-settings=\"{&quot;_animation&quot;:&quot;fadeInUp&quot;,&quot;_animation_delay&quot;:&quot;120&quot;}\" data-widget_type=\"heading.default\">\n\t\t\t\t<div class=\"elementor-widget-container\">\n\t\t\t<h2 class=\"elementor-heading-title elementor-size-default\">\u041d\u0430\u0448\u0430 \u0456\u0441\u0442\u043e\u0440\u0456\u044f<\/h2>\t\t<\/div>\n\t\t\t\t<\/div>\n\t\t\t\t<div class=\"elementor-element elementor-element-7814ec5 elementor-widget__width-inherit elementor-widget-mobile__width-inherit elementor-widget-tablet__width-initial elementor-invisible elementor-widget elementor-widget-text-editor\" data-id=\"7814ec5\" data-element_type=\"widget\" data-settings=\"{&quot;_animation&quot;:&quot;fadeInUp&quot;,&quot;_animation_delay&quot;:&quot;480&quot;}\" data-widget_type=\"text-editor.default\">\n\t\t\t\t<div class=\"elementor-widget-container\">\n\t\t\t\t\t\t\t<p>\u041c\u0438 \u0440\u043e\u0437\u043f\u043e\u0447\u0430\u043b\u0438 \u043d\u0430\u0448 \u0448\u043b\u044f\u0445 \u0443 \u0441\u0442\u0440\u0430\u0445\u0443\u0432\u0430\u043d\u043d\u0456 \u043c\u0430\u0439\u0436\u0435 16 \u0440\u043e\u043a\u0456\u0432 \u0442\u043e\u043c\u0443 \u0432 \u043a\u043e\u043c\u043f\u0430\u043d\u0456\u0457 Amplico Life. \u0422\u043e\u0434\u0456, \u0431\u0443\u0434\u0443\u0447\u0438 \"\u043c\u043e\u043b\u043e\u0434\u044f\u0442\u0430\u043c\u0438\", \u043c\u0438 \u0432\u0438\u0440\u0456\u0448\u0438\u043b\u0438 \u043e\u0431'\u0454\u0434\u043d\u0430\u0442\u0438 \u0437\u0443\u0441\u0438\u043b\u043b\u044f \u0456 \u043f\u043e\u0431\u0443\u0434\u0443\u0432\u0430\u0442\u0438 \u0449\u043e\u0441\u044c \u0437 \u043d\u0443\u043b\u044f. \u0427\u0435\u0440\u0435\u0437 \u0434\u0435\u044f\u043a\u0438\u0439 \u0447\u0430\u0441 \u043c\u0438 \u0440\u043e\u0437\u0448\u0438\u0440\u0438\u043b\u0438 \u043d\u0430\u0448\u0443 \u043f\u0440\u043e\u043f\u043e\u0437\u0438\u0446\u0456\u044e, \u0432\u043a\u043b\u044e\u0447\u0438\u0432\u0448\u0438 \u0432 \u043d\u0435\u0457 \u0430\u0432\u0442\u043e\u0441\u0442\u0440\u0430\u0445\u0443\u0432\u0430\u043d\u043d\u044f \u0442\u0430 \u0441\u0442\u0440\u0430\u0445\u0443\u0432\u0430\u043d\u043d\u044f \u043c\u0430\u0439\u043d\u0430, \u0449\u043e \u0432\u0438\u044f\u0432\u0438\u043b\u043e\u0441\u044f \u0434\u0443\u0436\u0435 \u0443\u0441\u043f\u0456\u0448\u043d\u0438\u043c \u0456 \u0434\u043e\u0437\u0432\u043e\u043b\u0438\u043b\u043e \u043d\u0430\u043c \u0440\u043e\u0437\u043f\u0440\u0430\u0432\u0438\u0442\u0438 \u043a\u0440\u0438\u043b\u0430.<\/p><p>\u0412\u0436\u0435 \u0431\u0456\u043b\u044c\u0448\u0435 \u0434\u0435\u0432'\u044f\u0442\u0438 \u0440\u043e\u043a\u0456\u0432 \u043c\u0438 \u043f\u0440\u0430\u0446\u044e\u0454\u043c\u043e \u0432 \u0441\u0442\u0440\u0443\u043a\u0442\u0443\u0440\u0456 \u043c\u0435\u0440\u0435\u0436\u0456 Euroins, \u0434\u0435, \u043a\u0440\u0456\u043c \u043f\u0440\u043e\u0434\u0430\u0436\u0443 \u0441\u0442\u0440\u0430\u0445\u043e\u0432\u043e\u043a, \u0437\u0430\u0439\u043c\u0430\u0454\u043c\u043e\u0441\u044f \u043a\u043e\u043e\u0440\u0434\u0438\u043d\u0430\u0446\u0456\u0454\u044e \u0442\u0430 \u0440\u043e\u0437\u0432\u0438\u0442\u043a\u043e\u043c \u0446\u0456\u0454\u0457 \u0441\u0442\u0440\u0443\u043a\u0442\u0443\u0440\u0438.<\/p><p>\u0411\u0430\u0433\u0430\u0442\u043e\u0440\u0456\u0447\u043d\u0438\u0439 \u0434\u043e\u0441\u0432\u0456\u0434 \u0440\u043e\u0431\u043e\u0442\u0438 \u0432 \u0441\u0442\u0440\u0430\u0445\u043e\u0432\u0456\u0439 \u0433\u0430\u043b\u0443\u0437\u0456 \u043d\u0430\u0432\u0447\u0438\u0432 \u043d\u0430\u0441, \u0449\u043e \u0434\u0443\u0436\u0435 \u0432\u0430\u0436\u043b\u0438\u0432\u043e \u0434\u043e\u0441\u0442\u043e\u0432\u0456\u0440\u043d\u043e \u043e\u0446\u0456\u043d\u0438\u0442\u0438 \u043f\u043e\u0442\u0440\u0435\u0431\u0438 \u043a\u043e\u0436\u043d\u043e\u0433\u043e \u043d\u0430\u0448\u043e\u0433\u043e \u043a\u043b\u0456\u0454\u043d\u0442\u0430, \u043f\u0456\u0434\u0433\u043e\u0442\u0443\u0432\u0430\u0442\u0438 \u043d\u0430 \u043e\u0441\u043d\u043e\u0432\u0456 \u0446\u044c\u043e\u0433\u043e \u043f\u0440\u0430\u0432\u0438\u043b\u044c\u043d\u0443 \u043f\u0440\u043e\u043f\u043e\u0437\u0438\u0446\u0456\u044e, \u0449\u043e\u0431 \u0432 \u0440\u0435\u0437\u0443\u043b\u044c\u0442\u0430\u0442\u0456 \u0437\u0430\u0441\u0442\u0440\u0430\u0445\u0443\u0432\u0430\u0442\u0438 \u043a\u043e\u0433\u043e\u0441\u044c \u0430\u0431\u043e \u0449\u043e\u0441\u044c \u043d\u0430\u0439\u043a\u0440\u0430\u0449\u0438\u043c \u0447\u0438\u043d\u043e\u043c.<\/p><p>\u041c\u0438 \u0431\u0443\u0434\u0435\u043c\u043e \u0440\u0430\u0434\u0456 \u0432\u0438\u043a\u043e\u0440\u0438\u0441\u0442\u0430\u0442\u0438 \u043d\u0430\u0448 \u0434\u043e\u0441\u0432\u0456\u0434, \u0449\u043e\u0431 \u043d\u0430\u0434\u0430\u0442\u0438 \u0432\u0430\u043c \u043f\u043e\u0440\u0430\u0434\u0443 \u0442\u0430 \u0434\u043e\u043f\u043e\u043c\u043e\u0433\u0443, \u0442\u043e\u043c\u0443 \u043c\u0438 \u0437\u0430\u043a\u043b\u0438\u043a\u0430\u0454\u043c\u043e \u0432\u0430\u0441 \u0441\u043a\u043e\u0440\u0438\u0441\u0442\u0430\u0442\u0438\u0441\u044f <a href=\"https:\/\/twojagent.eu\/uk\/contact\/\">\u043a\u043e\u043d\u0442\u0430\u043a\u0442\u043d\u043e\u044e \u0444\u043e\u0440\u043c\u043e\u044e<\/a> \u0456 \u043d\u0430\u0434\u0456\u0448\u043b\u0456\u0442\u044c \u043e\u0441\u043d\u043e\u0432\u043d\u0456 \u0434\u0430\u043d\u0456, \u043d\u0435\u043e\u0431\u0445\u0456\u0434\u043d\u0456 \u0434\u043b\u044f \u043f\u0456\u0434\u0433\u043e\u0442\u043e\u0432\u043a\u0438 \u043d\u0435\u0437\u043e\u0431\u043e\u0432'\u044f\u0437\u0443\u044e\u0447\u043e\u0457 \u043e\u0444\u0435\u0440\u0442\u0438.<\/p>\t\t\t\t\t\t<\/div>\n\t\t\t\t<\/div>\n\t\t\t\t\t<\/div>\n\t\t<\/div>\n\t\t\t\t\t<\/div>\n\t\t<\/section>\n\t\t\t\t<\/div>","protected":false},"excerpt":{"rendered":"<p>O nas By\u0107 mo\u017ce jeszcze nas Pa\u0144stwo nie znacie \u2013 ale postaramy si\u0119 to zmieni\u0107. Kim jeste\u015bmy \u201cTw\u00f3j Agent Ubezpieczeniowy\u201d to niewielka [&hellip;]<\/p>","protected":false},"author":1,"featured_media":0,"parent":0,"menu_order":0,"comment_status":"closed","ping_status":"closed","template":"","meta":{"footnotes":""},"class_list":["post-151","page","type-page","status-publish","hentry"],"_links":{"self":[{"href":"https:\/\/twojagent.eu\/uk\/wp-json\/wp\/v2\/pages\/151","targetHints":{"allow":["GET"]}}],"collection":[{"href":"https:\/\/twojagent.eu\/uk\/wp-json\/wp\/v2\/pages"}],"about":[{"href":"https:\/\/twojagent.eu\/uk\/wp-json\/wp\/v2\/types\/page"}],"author":[{"embeddable":true,"href":"https:\/\/twojagent.eu\/uk\/wp-json\/wp\/v2\/users\/1"}],"replies":[{"embeddable":true,"href":"https:\/\/twojagent.eu\/uk\/wp-json\/wp\/v2\/comments?post=151"}],"version-history":[{"count":41,"href":"https:\/\/twojagent.eu\/uk\/wp-json\/wp\/v2\/pages\/151\/revisions"}],"predecessor-version":[{"id":1031,"href":"https:\/\/twojagent.eu\/uk\/wp-json\/wp\/v2\/pages\/151\/revisions\/1031"}],"wp:attachment":[{"href":"https:\/\/twojagent.eu\/uk\/wp-json\/wp\/v2\/media?parent=151"}],"curies":[{"name":"wp","href":"https:\/\/api.w.org\/{rel}","templated":true}]}}