{"id":157,"date":"2024-04-04T08:47:41","date_gmt":"2024-04-04T05:47:41","guid":{"rendered":"https:\/\/twojagent.eu\/?page_id=157"},"modified":"2024-09-20T06:32:51","modified_gmt":"2024-09-20T03:32:51","slug":"wspolpraca","status":"publish","type":"page","link":"https:\/\/twojagent.eu\/en\/wspolpraca\/","title":{"rendered":"Collaboration"},"content":{"rendered":"<div data-elementor-type=\"wp-page\" data-elementor-id=\"157\" class=\"elementor elementor-157\">\n\t\t\t\t\t\t<div class=\"elementor-section elementor-top-section elementor-element elementor-element-7b79f5b elementor-section-boxed elementor-section-height-default elementor-section-height-default\" data-id=\"7b79f5b\" data-element_type=\"section\" data-settings=\"{&quot;background_background&quot;:&quot;classic&quot;}\">\n\t\t\t\t\t\t<div class=\"elementor-container elementor-column-gap-no\">\n\t\t\t\t\t<div class=\"elementor-column elementor-col-100 elementor-top-column elementor-element elementor-element-1118c3d\" data-id=\"1118c3d\" data-element_type=\"column\">\n\t\t\t<div class=\"elementor-widget-wrap elementor-element-populated\">\n\t\t\t\t\t\t<div class=\"elementor-element elementor-element-d3afdf4 elementor-invisible elementor-widget elementor-widget-heading\" data-id=\"d3afdf4\" data-element_type=\"widget\" data-settings=\"{&quot;_animation&quot;:&quot;fadeInUp&quot;,&quot;_animation_delay&quot;:&quot;400&quot;}\" data-widget_type=\"heading.default\">\n\t\t\t\t<div class=\"elementor-widget-container\">\n\t\t\t<style>\/*! elementor - v3.20.0 - 26-03-2024 *\/\n.elementor-heading-title{padding:0;margin:0;line-height:1}.elementor-widget-heading .elementor-heading-title[class*=elementor-size-]>a{color:inherit;font-size:inherit;line-height:inherit}.elementor-widget-heading .elementor-heading-title.elementor-size-small{font-size:15px}.elementor-widget-heading .elementor-heading-title.elementor-size-medium{font-size:19px}.elementor-widget-heading .elementor-heading-title.elementor-size-large{font-size:29px}.elementor-widget-heading .elementor-heading-title.elementor-size-xl{font-size:39px}.elementor-widget-heading .elementor-heading-title.elementor-size-xxl{font-size:59px}<\/style><h2 class=\"elementor-heading-title elementor-size-default\">We look forward to working with you<\/h2>\t\t<\/div>\n\t\t\t\t<\/div>\n\t\t\t\t<div class=\"elementor-element elementor-element-7c2a870 elementor-invisible elementor-widget elementor-widget-text-editor\" data-id=\"7c2a870\" data-element_type=\"widget\" data-settings=\"{&quot;_animation&quot;:&quot;fadeInUp&quot;}\" data-widget_type=\"text-editor.default\">\n\t\t\t\t<div class=\"elementor-widget-container\">\n\t\t\t<style>\/*! elementor - v3.20.0 - 26-03-2024 *\/\n.elementor-widget-text-editor.elementor-drop-cap-view-stacked .elementor-drop-cap{background-color:#69727d;color:#fff}.elementor-widget-text-editor.elementor-drop-cap-view-framed .elementor-drop-cap{color:#69727d;border:3px solid;background-color:transparent}.elementor-widget-text-editor:not(.elementor-drop-cap-view-default) .elementor-drop-cap{margin-top:8px}.elementor-widget-text-editor:not(.elementor-drop-cap-view-default) .elementor-drop-cap-letter{width:1em;height:1em}.elementor-widget-text-editor .elementor-drop-cap{float:left;text-align:center;line-height:1;font-size:50px}.elementor-widget-text-editor .elementor-drop-cap-letter{display:inline-block}<\/style>\t\t\t\t<p>Join us and become a professional Insurance Agent!<\/p>\t\t\t\t\t\t<\/div>\n\t\t\t\t<\/div>\n\t\t\t\t\t<\/div>\n\t\t<\/div>\n\t\t\t\t\t<\/div>\n\t\t<\/div>\n\t\t\t\t<div class=\"elementor-section elementor-top-section elementor-element elementor-element-a2336cf elementor-section-boxed elementor-section-height-default elementor-section-height-default\" data-id=\"a2336cf\" data-element_type=\"section\">\n\t\t\t\t\t\t<div class=\"elementor-container elementor-column-gap-default\">\n\t\t\t\t\t<div class=\"elementor-column elementor-col-100 elementor-top-column elementor-element elementor-element-da10a5b\" data-id=\"da10a5b\" data-element_type=\"column\">\n\t\t\t<div class=\"elementor-widget-wrap elementor-element-populated\">\n\t\t\t\t\t\t<div class=\"elementor-element elementor-element-65d801b elementor-invisible elementor-widget elementor-widget-text-editor\" data-id=\"65d801b\" data-element_type=\"widget\" data-settings=\"{&quot;_animation&quot;:&quot;fadeInUp&quot;}\" data-widget_type=\"text-editor.default\">\n\t\t\t\t<div class=\"elementor-widget-container\">\n\t\t\t\t\t\t\t<p>For more than 9 years now, together in\u00a0<a href=\"https:\/\/www.euroins.bg\/en\">Euroins<\/a>, we are building a nationwide sales network, which already includes more than 2,000 active Partners, with sales exceeding 300,000,000 PLN per year.<\/p><p>We invite to cooperation all those of you who are just about to embark on the adventure of insurance, as well as those already present in the industry, but wishing to expand their portfolio without obligations and limits. We offer you assistance in license training and registration with the FSC, as well as support at every stage of further cooperation.<\/p><p>You will receive the freedom to develop your insurance business. For our part, we provide flexibility in cooperation, very competitive commission rates and professional substantive and product care. We will be happy to provide you with all the details during direct contact:<\/p><p>E-mail: <a href=\"mailto:wspolpraca@twojagent.eu\"><strong>wspolpraca@twojagent.eu<\/strong><\/a><\/p>\t\t\t\t\t\t<\/div>\n\t\t\t\t<\/div>\n\t\t\t\t\t<\/div>\n\t\t<\/div>\n\t\t\t\t\t<\/div>\n\t\t<\/div>\n\t\t\t\t<\/div>","protected":false},"excerpt":{"rendered":"<p>Zapraszamy do wsp\u00f3\u0142pracy Do\u0142\u0105cz do nas i zosta\u0144 profesjonalnym Agentem Ubezpieczeniowym! Od ponad 9 ju\u017c lat, wsp\u00f3lnie w\u00a0Euroins, tworzymy og\u00f3lnopolsk\u0105 sie\u0107 sprzeda\u017cy, [&hellip;]<\/p>","protected":false},"author":1,"featured_media":0,"parent":0,"menu_order":0,"comment_status":"closed","ping_status":"closed","template":"","meta":{"footnotes":""},"class_list":["post-157","page","type-page","status-publish","hentry"],"_links":{"self":[{"href":"https:\/\/twojagent.eu\/en\/wp-json\/wp\/v2\/pages\/157","targetHints":{"allow":["GET"]}}],"collection":[{"href":"https:\/\/twojagent.eu\/en\/wp-json\/wp\/v2\/pages"}],"about":[{"href":"https:\/\/twojagent.eu\/en\/wp-json\/wp\/v2\/types\/page"}],"author":[{"embeddable":true,"href":"https:\/\/twojagent.eu\/en\/wp-json\/wp\/v2\/users\/1"}],"replies":[{"embeddable":true,"href":"https:\/\/twojagent.eu\/en\/wp-json\/wp\/v2\/comments?post=157"}],"version-history":[{"count":22,"href":"https:\/\/twojagent.eu\/en\/wp-json\/wp\/v2\/pages\/157\/revisions"}],"predecessor-version":[{"id":921,"href":"https:\/\/twojagent.eu\/en\/wp-json\/wp\/v2\/pages\/157\/revisions\/921"}],"wp:attachment":[{"href":"https:\/\/twojagent.eu\/en\/wp-json\/wp\/v2\/media?parent=157"}],"curies":[{"name":"wp","href":"https:\/\/api.w.org\/{rel}","templated":true}]}}